{"id":3460,"date":"2022-03-10T20:50:36","date_gmt":"2022-03-10T20:50:36","guid":{"rendered":"https:\/\/paoshopapp.com\/?post_type=product&#038;p=3460"},"modified":"2022-03-10T20:50:36","modified_gmt":"2022-03-10T20:50:36","slug":"womens-fiona-fashion-stilettos","status":"publish","type":"product","link":"https:\/\/paoshopapp.com\/index.php\/product\/womens-fiona-fashion-stilettos\/","title":{"rendered":"Women&#8217;s Fiona Fashion Stilettos"},"content":{"rendered":"<ul class=\"a-unordered-list a-vertical a-spacing-mini\">\n<li><span class=\"a-list-item\">hecho por el hombre material<\/span><\/li>\n<li><span class=\"a-list-item\">Importado<\/span><\/li>\n<li><span class=\"a-list-item\">Suela de Sint\u00e9tico<\/span><\/li>\n<li><span class=\"a-list-item\">Producto importado. Dise\u00f1ados en Estados Unidos.<\/span><\/li>\n<li><span class=\"a-list-item\">Altura de la plataforma: 0.25 pulgadas (aproximadamente).<\/span><\/li>\n<li><span class=\"a-list-item\">El tac\u00f3n mide aproximadamente 2\u00a0pulgadas.<\/span><\/li>\n<li><span class=\"a-list-item\">Acabado con una plantilla ligeramente acolchada de cuero sint\u00e9tico.<\/span><\/li>\n<li><span class=\"a-list-item\">Suela de goma TPR.<\/span><\/li>\n<\/ul>\n","protected":false},"excerpt":{"rendered":"<p>hecho por el hombre material Importado Suela de Sint\u00e9tico Producto importado. Dise\u00f1ados en Estados Unidos. Altura de la plataforma: 0.25 pulgadas (aproximadamente). El tac\u00f3n mide aproximadamente 2\u00a0pulgadas. Acabado con una plantilla ligeramente acolchada de cuero sint\u00e9tico. Suela de goma TPR.<\/p>\n","protected":false},"featured_media":3462,"comment_status":"open","ping_status":"closed","template":"","meta":{"om_disable_all_campaigns":false},"product_cat":[43],"product_tag":[],"_links":{"self":[{"href":"https:\/\/paoshopapp.com\/index.php\/wp-json\/wp\/v2\/product\/3460"}],"collection":[{"href":"https:\/\/paoshopapp.com\/index.php\/wp-json\/wp\/v2\/product"}],"about":[{"href":"https:\/\/paoshopapp.com\/index.php\/wp-json\/wp\/v2\/types\/product"}],"replies":[{"embeddable":true,"href":"https:\/\/paoshopapp.com\/index.php\/wp-json\/wp\/v2\/comments?post=3460"}],"wp:featuredmedia":[{"embeddable":true,"href":"https:\/\/paoshopapp.com\/index.php\/wp-json\/wp\/v2\/media\/3462"}],"wp:attachment":[{"href":"https:\/\/paoshopapp.com\/index.php\/wp-json\/wp\/v2\/media?parent=3460"}],"wp:term":[{"taxonomy":"product_cat","embeddable":true,"href":"https:\/\/paoshopapp.com\/index.php\/wp-json\/wp\/v2\/product_cat?post=3460"},{"taxonomy":"product_tag","embeddable":true,"href":"https:\/\/paoshopapp.com\/index.php\/wp-json\/wp\/v2\/product_tag?post=3460"}],"curies":[{"name":"wp","href":"https:\/\/api.w.org\/{rel}","templated":true}]}}